{"id":17209,"date":"2023-12-14T15:51:15","date_gmt":"2023-12-14T14:51:15","guid":{"rendered":"https:\/\/www.test.crystalalarm.com\/dev\/v1\/?post_type=product&#038;p=17209"},"modified":"2024-03-21T08:30:05","modified_gmt":"2024-03-21T07:30:05","slug":"twig-one","status":"publish","type":"product","link":"https:\/\/www.test.crystalalarm.com\/dev\/v1\/produkt\/twig-one\/","title":{"rendered":"TWIG One"},"content":{"rendered":"<p>Ett Robust frist\u00e5ende personalarm p\u00e5 54 gram, med eget sim-kort och positionering. Kan integreras med kollegor som anv\u00e4nder Crystal Alarm.<\/p>\n<p>Kommunikation:\u00a0 \u00a0 \u00a0 \u00a0 \u00a0 2G, 3G, 4G VOLTE<\/p>\n<p>Batteritid:\u00a0 \u00a0 \u00a0 \u00a0 \u00a0 \u00a0 \u00a0 \u00a0 \u00a0 \u00a0 \u00a0 45 h<\/p>\n<p>IP-Klass: \u00a0 \u00a0 \u00a0 \u00a0 \u00a0 \u00a0 \u00a0 \u00a0 \u00a0 \u00a0 \u00a0 \u00a067<\/p>\n<p>Tidslarm:\u00a0 \u00a0 \u00a0 \u00a0 \u00a0 \u00a0 \u00a0 \u00a0 \u00a0 \u00a0 \u00a0 \u00a0Ja<\/p>\n","protected":false},"excerpt":{"rendered":"<p>Ett frist\u00e5ende personlarm p\u00e5 54 gram, med eget sim-kort och positionering. Kan integreras med kollegor som anv\u00e4nder Crystal Alarm.<\/p>\n","protected":false},"featured_media":17130,"comment_status":"closed","ping_status":"closed","template":"","meta":[],"product_cat":[53],"product_tag":[],"bundle_layout":"","bundled_by":[],"bundled_items":[],"_links":{"self":[{"href":"https:\/\/www.test.crystalalarm.com\/dev\/v1\/wp-json\/wp\/v2\/product\/17209"}],"collection":[{"href":"https:\/\/www.test.crystalalarm.com\/dev\/v1\/wp-json\/wp\/v2\/product"}],"about":[{"href":"https:\/\/www.test.crystalalarm.com\/dev\/v1\/wp-json\/wp\/v2\/types\/product"}],"replies":[{"embeddable":true,"href":"https:\/\/www.test.crystalalarm.com\/dev\/v1\/wp-json\/wp\/v2\/comments?post=17209"}],"wp:featuredmedia":[{"embeddable":true,"href":"https:\/\/www.test.crystalalarm.com\/dev\/v1\/wp-json\/wp\/v2\/media\/17130"}],"wp:attachment":[{"href":"https:\/\/www.test.crystalalarm.com\/dev\/v1\/wp-json\/wp\/v2\/media?parent=17209"}],"wp:term":[{"taxonomy":"product_cat","embeddable":true,"href":"https:\/\/www.test.crystalalarm.com\/dev\/v1\/wp-json\/wp\/v2\/product_cat?post=17209"},{"taxonomy":"product_tag","embeddable":true,"href":"https:\/\/www.test.crystalalarm.com\/dev\/v1\/wp-json\/wp\/v2\/product_tag?post=17209"}],"curies":[{"name":"wp","href":"https:\/\/api.w.org\/{rel}","templated":true}]}}