{"id":17208,"date":"2023-12-14T15:44:57","date_gmt":"2023-12-14T14:44:57","guid":{"rendered":"https:\/\/www.test.crystalalarm.com\/dev\/v1\/?post_type=product&#038;p=17208"},"modified":"2024-03-21T08:30:05","modified_gmt":"2024-03-21T07:30:05","slug":"personlarm-srt405i","status":"publish","type":"product","link":"https:\/\/www.test.crystalalarm.com\/dev\/v1\/produkt\/personlarm-srt405i\/","title":{"rendered":"Personlarm SRT405i"},"content":{"rendered":"<p class=\"lead text-center\">SRT405i \u00e4r det moderna personlarmet i det lilla formatet f\u00f6r dig med h\u00f6ga krav p\u00e5 kvalitet och drifts\u00e4kerhet.<\/p>\n<div class=\"main-content__content-wrap\">\n<div id=\"pgc-98-2-1\" class=\"panel-grid-cell\">\n<div id=\"panel-98-2-1-0\" class=\"so-panel widget widget_text panel-first-child panel-last-child\" data-index=\"3\">\n<div class=\"panel-widget-style panel-widget-style-for-98-2-1-0\" data-title-color=\"#2d3142\" data-headings-color=\"#2d3142\">\n<div class=\"textwidget\">\n<p>Huvudfunktioner:<\/p>\n<ul>\n<li>4G LTE och 2G GSM\/GPRS\/EDGE<\/li>\n<li>Voice over LTE (VoLTE) med 2G-backup<\/li>\n<li>Display<\/li>\n<li>Batteri med upp till 48 timmars driftstid<\/li>\n<li>H\u00f6gtalare och mikrofon<\/li>\n<li>GPS\/GLONASS\/Galileo-mottagare<\/li>\n<li>Inomhuspositionering<\/li>\n<li>str\u00f6msparl\u00e4ge<\/li>\n<li>Skydd mot damm och vatten (IP67)<\/li>\n<li>M\u00e5tt: 60x46x20 mm<\/li>\n<li>Vikt: 54 gram<\/li>\n<\/ul>\n<\/div>\n<\/div>\n<\/div>\n<\/div>\n<\/div>\n","protected":false},"excerpt":{"rendered":"<p>SRT405i \u00e4r det moderna personlarmet i det lilla formatet f\u00f6r dig med h\u00f6ga krav p\u00e5 kvalitet och drifts\u00e4kerhet. Huvudfunktioner: 4G LTE och 2G GSM\/GPRS\/EDGE Voice over LTE (VoLTE) med 2G-backup Display Batteri med upp till 48 timmars driftstid H\u00f6gtalare och mikrofon GPS\/GLONASS\/Galileo-mottagare Inomhuspositionering str\u00f6msparl\u00e4ge Skydd mot damm och vatten (IP67) M\u00e5tt: 60x46x20 mm Vikt: 54 [&hellip;]<\/p>\n","protected":false},"featured_media":17123,"comment_status":"closed","ping_status":"closed","template":"","meta":[],"product_cat":[53],"product_tag":[],"bundle_layout":"","bundled_by":[],"bundled_items":[],"_links":{"self":[{"href":"https:\/\/www.test.crystalalarm.com\/dev\/v1\/wp-json\/wp\/v2\/product\/17208"}],"collection":[{"href":"https:\/\/www.test.crystalalarm.com\/dev\/v1\/wp-json\/wp\/v2\/product"}],"about":[{"href":"https:\/\/www.test.crystalalarm.com\/dev\/v1\/wp-json\/wp\/v2\/types\/product"}],"replies":[{"embeddable":true,"href":"https:\/\/www.test.crystalalarm.com\/dev\/v1\/wp-json\/wp\/v2\/comments?post=17208"}],"wp:featuredmedia":[{"embeddable":true,"href":"https:\/\/www.test.crystalalarm.com\/dev\/v1\/wp-json\/wp\/v2\/media\/17123"}],"wp:attachment":[{"href":"https:\/\/www.test.crystalalarm.com\/dev\/v1\/wp-json\/wp\/v2\/media?parent=17208"}],"wp:term":[{"taxonomy":"product_cat","embeddable":true,"href":"https:\/\/www.test.crystalalarm.com\/dev\/v1\/wp-json\/wp\/v2\/product_cat?post=17208"},{"taxonomy":"product_tag","embeddable":true,"href":"https:\/\/www.test.crystalalarm.com\/dev\/v1\/wp-json\/wp\/v2\/product_tag?post=17208"}],"curies":[{"name":"wp","href":"https:\/\/api.w.org\/{rel}","templated":true}]}}