{"id":17206,"date":"2023-12-14T09:31:33","date_gmt":"2023-12-14T08:31:33","guid":{"rendered":"https:\/\/www.test.crystalalarm.com\/dev\/v1\/?post_type=product&#038;p=17206"},"modified":"2024-03-21T08:30:04","modified_gmt":"2024-03-21T07:30:04","slug":"personlarm-srt330i2","status":"publish","type":"product","link":"https:\/\/www.test.crystalalarm.com\/dev\/v1\/produkt\/personlarm-srt330i2\/","title":{"rendered":"Personlarm SRT330i2"},"content":{"rendered":"<p class=\"lead text-center\">SRT330i2 \u00e4r en larmmottagare f\u00f6r lokal installation och som kan agera GSM\/GPRS-gateway f\u00f6r SRT:s egenutvecklade IPS-n\u00e4tverk.<\/p>\n<div class=\"main-content__content-wrap\">\n<ul>\n<li>Larmmottagning via GSM och\u00a0<abbr title=\"Radio Frequency\">RF<\/abbr><\/li>\n<li>Vidarebefordrar larm via GSM, GPRS och RF<\/li>\n<li>Varningsljus<\/li>\n<li>Ljudsiren<\/li>\n<li>Rel\u00e4funktion vid larm<\/li>\n<li>Larmknapp<\/li>\n<li>Reset\/testknapp<\/li>\n<li>Tydlig display<\/li>\n<li>Internt batteri 6 Ah<\/li>\n<li>Storlek 193 x 123 x 80 mm<\/li>\n<li>Vikt: 472g<\/li>\n<li>Larmkvittens via reset-knapp eller tr\u00e5dl\u00f6st.<\/li>\n<\/ul>\n<p>SRT3302i \u00e4r en larmmottagare som kan anv\u00e4ndas med alla SRT:s larmprodukter. N\u00e4r SRT330i2 mottar ett larm indikeras detta lokalt genom en skarp ljudsignal och ett starkt blinkande varningsljus. SRT330i2 kan \u00e4ven vidarebefordra larm via GSM, GPRS och RF.<\/p>\n<\/div>\n","protected":false},"excerpt":{"rendered":"<p>Med ett tryck p\u00e5 larmknappen f\u00e5r larmmottagaren information om vem den n\u00f6dst\u00e4llde \u00e4r och vilken position personen har. Samtidigt kopplas ett r\u00f6stsamtal upp och mottagaren kan h\u00f6ra vad som h\u00e4nder och hur situationen utvecklas. Beroende p\u00e5 h\u00e4ndelsef\u00f6rlopp och f\u00f6rutbest\u00e4md larmplan ser larmmottagaren till att r\u00e4tt hj\u00e4lpinsatser kommer p\u00e5 plats. En trygg vetskap f\u00f6r utsatta personer.<\/p>\n","protected":false},"featured_media":17103,"comment_status":"closed","ping_status":"closed","template":"","meta":[],"product_cat":[53],"product_tag":[],"bundle_layout":"","bundled_by":[],"bundled_items":[],"_links":{"self":[{"href":"https:\/\/www.test.crystalalarm.com\/dev\/v1\/wp-json\/wp\/v2\/product\/17206"}],"collection":[{"href":"https:\/\/www.test.crystalalarm.com\/dev\/v1\/wp-json\/wp\/v2\/product"}],"about":[{"href":"https:\/\/www.test.crystalalarm.com\/dev\/v1\/wp-json\/wp\/v2\/types\/product"}],"replies":[{"embeddable":true,"href":"https:\/\/www.test.crystalalarm.com\/dev\/v1\/wp-json\/wp\/v2\/comments?post=17206"}],"wp:featuredmedia":[{"embeddable":true,"href":"https:\/\/www.test.crystalalarm.com\/dev\/v1\/wp-json\/wp\/v2\/media\/17103"}],"wp:attachment":[{"href":"https:\/\/www.test.crystalalarm.com\/dev\/v1\/wp-json\/wp\/v2\/media?parent=17206"}],"wp:term":[{"taxonomy":"product_cat","embeddable":true,"href":"https:\/\/www.test.crystalalarm.com\/dev\/v1\/wp-json\/wp\/v2\/product_cat?post=17206"},{"taxonomy":"product_tag","embeddable":true,"href":"https:\/\/www.test.crystalalarm.com\/dev\/v1\/wp-json\/wp\/v2\/product_tag?post=17206"}],"curies":[{"name":"wp","href":"https:\/\/api.w.org\/{rel}","templated":true}]}}