{"id":17205,"date":"2023-12-14T09:35:10","date_gmt":"2023-12-14T08:35:10","guid":{"rendered":"https:\/\/www.test.crystalalarm.com\/dev\/v1\/?post_type=product&#038;p=17205"},"modified":"2024-03-21T08:30:02","modified_gmt":"2024-03-21T07:30:02","slug":"personlarm-srt306i-2","status":"publish","type":"product","link":"https:\/\/www.test.crystalalarm.com\/dev\/v1\/produkt\/personlarm-srt306i-2\/","title":{"rendered":"SRT406"},"content":{"rendered":"<p class=\"lead text-center\">SRT406 \u00e4r det moderna personlarmet f\u00f6r dig med h\u00f6ga krav p\u00e5 kvalitet och drifts\u00e4kerhet.<\/p>\n<p>N\u00e5gra av huvudfunktionerna<\/p>\n<div class=\"main-content__content-wrap\">\n<div id=\"pgc-98-2-1\" class=\"panel-grid-cell\">\n<div id=\"panel-98-2-1-0\" class=\"so-panel widget widget_text panel-first-child panel-last-child\" data-index=\"3\">\n<div class=\"panel-widget-style panel-widget-style-for-98-2-1-0\" data-title-color=\"#2d3142\" data-headings-color=\"#2d3142\">\n<div class=\"textwidget\">\n<ul>\n<li>4G LTE och 2G GSM\/GPRS\/EDGE<\/li>\n<li>Voice over LTE (VoLTE) med 2G-backup<\/li>\n<li>Display<\/li>\n<li>Upp till 90 timmars driftstid<\/li>\n<li>H\u00f6gtalare och mikrofon<\/li>\n<li>Skak- och r\u00f6relsedetektering<\/li>\n<li>GPS\/GLONASS\/Galileo-mottagare<\/li>\n<li>\u00a0str\u00f6msparl\u00e4ge<\/li>\n<li>Flertal larmtyper<\/li>\n<li>Skydd mot damm och vatten (IP67)<\/li>\n<li>M\u00e5tt: 92x50x22 mm<\/li>\n<li>Vikt: 108 gram<\/li>\n<\/ul>\n<\/div>\n<\/div>\n<\/div>\n<\/div>\n<\/div>\n","protected":false},"excerpt":{"rendered":"<p>Med ett tryck p\u00e5 larmknappen f\u00e5r larmcentralen information om vem den n\u00f6dst\u00e4llde \u00e4r och vilken position personen har. Samtidigt kopplas ett r\u00f6stsamtal upp och operat\u00f6ren kan h\u00f6ra vad som h\u00e4nder och hur situationen utvecklas. Beroende p\u00e5 h\u00e4ndelsef\u00f6rlopp och f\u00f6rutbest\u00e4md larmplan ser operat\u00f6ren till att r\u00e4tt hj\u00e4lpinsatser kommer p\u00e5 plats. En trygg vetskap f\u00f6r utsatta personer.<\/p>\n","protected":false},"featured_media":17125,"comment_status":"closed","ping_status":"closed","template":"","meta":[],"product_cat":[53],"product_tag":[],"bundle_layout":"","bundled_by":[],"bundled_items":[],"_links":{"self":[{"href":"https:\/\/www.test.crystalalarm.com\/dev\/v1\/wp-json\/wp\/v2\/product\/17205"}],"collection":[{"href":"https:\/\/www.test.crystalalarm.com\/dev\/v1\/wp-json\/wp\/v2\/product"}],"about":[{"href":"https:\/\/www.test.crystalalarm.com\/dev\/v1\/wp-json\/wp\/v2\/types\/product"}],"replies":[{"embeddable":true,"href":"https:\/\/www.test.crystalalarm.com\/dev\/v1\/wp-json\/wp\/v2\/comments?post=17205"}],"wp:featuredmedia":[{"embeddable":true,"href":"https:\/\/www.test.crystalalarm.com\/dev\/v1\/wp-json\/wp\/v2\/media\/17125"}],"wp:attachment":[{"href":"https:\/\/www.test.crystalalarm.com\/dev\/v1\/wp-json\/wp\/v2\/media?parent=17205"}],"wp:term":[{"taxonomy":"product_cat","embeddable":true,"href":"https:\/\/www.test.crystalalarm.com\/dev\/v1\/wp-json\/wp\/v2\/product_cat?post=17205"},{"taxonomy":"product_tag","embeddable":true,"href":"https:\/\/www.test.crystalalarm.com\/dev\/v1\/wp-json\/wp\/v2\/product_tag?post=17205"}],"curies":[{"name":"wp","href":"https:\/\/api.w.org\/{rel}","templated":true}]}}