{"id":17202,"date":"2022-11-02T11:03:04","date_gmt":"2022-11-02T10:03:04","guid":{"rendered":"https:\/\/www.test.crystalalarm.com\/dev\/v1\/?post_type=product&#038;p=17202"},"modified":"2024-03-21T08:30:00","modified_gmt":"2024-03-21T07:30:00","slug":"transponder-for-inomhuspositionering-latt","status":"publish","type":"product","link":"https:\/\/www.test.crystalalarm.com\/dev\/v1\/produkt\/transponder-for-inomhuspositionering-latt\/","title":{"rendered":"Transponder f\u00f6r inomhuspositionering, l\u00e4tt"},"content":{"rendered":"<p>Om man vill positionera larm inomhus kan det vara sv\u00e5rt enbart med GPS. Installera ett antal transpondrar s\u00e5 g\u00e5r det att lokalisera vilket rum ett larm sker i. Batteritid p\u00e5 ca 5 \u00e5r ger en n\u00e4stan underh\u00e5llsfri installation. Konfiguration av enhetens programvara ing\u00e5r i priset.<\/p>\n","protected":false},"excerpt":{"rendered":"<p>Om man vill positionera larm inomhus kan det vara sv\u00e5rt enbart med GPS. Installera ett antal transpondrar s\u00e5 g\u00e5r det att lokalisera vilket rum ett larm sker i. Batteritid p\u00e5 ca 5 \u00e5r ger en n\u00e4stan underh\u00e5llsfri installation. Konfiguration av enhetens programvara ing\u00e5r i priset.<\/p>\n","protected":false},"featured_media":17120,"comment_status":"closed","ping_status":"closed","template":"","meta":[],"product_cat":[83],"product_tag":[],"bundle_layout":"","bundled_by":[],"bundled_items":[],"_links":{"self":[{"href":"https:\/\/www.test.crystalalarm.com\/dev\/v1\/wp-json\/wp\/v2\/product\/17202"}],"collection":[{"href":"https:\/\/www.test.crystalalarm.com\/dev\/v1\/wp-json\/wp\/v2\/product"}],"about":[{"href":"https:\/\/www.test.crystalalarm.com\/dev\/v1\/wp-json\/wp\/v2\/types\/product"}],"replies":[{"embeddable":true,"href":"https:\/\/www.test.crystalalarm.com\/dev\/v1\/wp-json\/wp\/v2\/comments?post=17202"}],"wp:featuredmedia":[{"embeddable":true,"href":"https:\/\/www.test.crystalalarm.com\/dev\/v1\/wp-json\/wp\/v2\/media\/17120"}],"wp:attachment":[{"href":"https:\/\/www.test.crystalalarm.com\/dev\/v1\/wp-json\/wp\/v2\/media?parent=17202"}],"wp:term":[{"taxonomy":"product_cat","embeddable":true,"href":"https:\/\/www.test.crystalalarm.com\/dev\/v1\/wp-json\/wp\/v2\/product_cat?post=17202"},{"taxonomy":"product_tag","embeddable":true,"href":"https:\/\/www.test.crystalalarm.com\/dev\/v1\/wp-json\/wp\/v2\/product_tag?post=17202"}],"curies":[{"name":"wp","href":"https:\/\/api.w.org\/{rel}","templated":true}]}}