{"id":17201,"date":"2022-09-16T15:27:40","date_gmt":"2022-09-16T13:27:40","guid":{"rendered":"https:\/\/www.test.crystalalarm.com\/dev\/v1\/?post_type=product&#038;p=17201"},"modified":"2024-03-21T08:30:00","modified_gmt":"2024-03-21T07:30:00","slug":"utbildning-via-teams-1-timme","status":"publish","type":"product","link":"https:\/\/www.test.crystalalarm.com\/dev\/v1\/produkt\/utbildning-via-teams-1-timme\/","title":{"rendered":"Utbildning via Teams 1 timme"},"content":{"rendered":"<p>Crystal Alarm g\u00e5r igenom tj\u00e4nsten enligt kundens \u00f6nskem\u00e5l. Utbildningen kan fokuseras antingen p\u00e5 administration av tj\u00e4nsten eller anv\u00e4ndning av appen. Kontakta Crystal Alarm i god tid innan med \u00f6nskem\u00e5l om tidpunkt och utbildningens inneh\u00e5ll.<\/p>\n<p>Vid utbildning av brukare rekommenderar vi max 30 personer f\u00f6r att bibeh\u00e5lla kvalit\u00e9 och att alla skall kunna komma till tals.<\/p>\n","protected":false},"excerpt":{"rendered":"<p>Crystal Alarm g\u00e5r igenom tj\u00e4nsten enligt kundens \u00f6nskem\u00e5l. Utbildningen kan fokuseras antingen p\u00e5 administration av tj\u00e4nsten eller anv\u00e4ndning av appen. Kontakta Crystal Alarm i god tid innan med \u00f6nskem\u00e5l om tidpunkt och utbildningens inneh\u00e5ll. Vid utbildning av brukare rekommenderar vi max 30 personer f\u00f6r att bibeh\u00e5lla kvalit\u00e9 och att alla skall kunna komma till tals.<\/p>\n","protected":false},"featured_media":17118,"comment_status":"closed","ping_status":"closed","template":"","meta":[],"product_cat":[50],"product_tag":[],"bundle_layout":"","bundled_by":[],"bundled_items":[],"_links":{"self":[{"href":"https:\/\/www.test.crystalalarm.com\/dev\/v1\/wp-json\/wp\/v2\/product\/17201"}],"collection":[{"href":"https:\/\/www.test.crystalalarm.com\/dev\/v1\/wp-json\/wp\/v2\/product"}],"about":[{"href":"https:\/\/www.test.crystalalarm.com\/dev\/v1\/wp-json\/wp\/v2\/types\/product"}],"replies":[{"embeddable":true,"href":"https:\/\/www.test.crystalalarm.com\/dev\/v1\/wp-json\/wp\/v2\/comments?post=17201"}],"wp:featuredmedia":[{"embeddable":true,"href":"https:\/\/www.test.crystalalarm.com\/dev\/v1\/wp-json\/wp\/v2\/media\/17118"}],"wp:attachment":[{"href":"https:\/\/www.test.crystalalarm.com\/dev\/v1\/wp-json\/wp\/v2\/media?parent=17201"}],"wp:term":[{"taxonomy":"product_cat","embeddable":true,"href":"https:\/\/www.test.crystalalarm.com\/dev\/v1\/wp-json\/wp\/v2\/product_cat?post=17201"},{"taxonomy":"product_tag","embeddable":true,"href":"https:\/\/www.test.crystalalarm.com\/dev\/v1\/wp-json\/wp\/v2\/product_tag?post=17201"}],"curies":[{"name":"wp","href":"https:\/\/api.w.org\/{rel}","templated":true}]}}