{"id":17200,"date":"2022-08-17T10:56:50","date_gmt":"2022-08-17T08:56:50","guid":{"rendered":"https:\/\/www.test.crystalalarm.com\/dev\/v1\/?post_type=product&#038;p=17200"},"modified":"2024-03-21T08:29:59","modified_gmt":"2024-03-21T07:29:59","slug":"dekal-starta-crystal-alarm","status":"publish","type":"product","link":"https:\/\/www.test.crystalalarm.com\/dev\/v1\/produkt\/dekal-starta-crystal-alarm\/","title":{"rendered":"Dekal &#8211; Starta Crystal Alarm &#8211; (12-pack)"},"content":{"rendered":"<p>Vill ni hj\u00e4lpa era anst\u00e4llda att komma ih\u00e5g att anv\u00e4nda sitt larm utan att beh\u00f6va p\u00e5minna sj\u00e4lva hela tiden?<\/p>\n<p>D\u00e5 har vi tagit fram en perfekt produkt f\u00f6r att f\u00e4sta t.ex i bilen, p\u00e5 baksidan av telefonen, eller annan l\u00e4mplig plats f\u00f6r en extra p\u00e5minnelse.<\/p>\n","protected":false},"excerpt":{"rendered":"<p>Vill ni hj\u00e4lpa era anst\u00e4llda att komma ih\u00e5g att anv\u00e4nda sitt larm utan att beh\u00f6va p\u00e5minna sj\u00e4lva hela tiden?<\/p>\n<p>D\u00e5 har vi tagit fram en perfekt produkt f\u00f6r att f\u00e4sta t.ex i bilen, p\u00e5 baksidan av telefonen, eller annan l\u00e4mplig plats f\u00f6r en extra p\u00e5minnelse.<\/p>\n<p>(Levereras p\u00e5 ark om 12 st)<\/p>\n","protected":false},"featured_media":17115,"comment_status":"closed","ping_status":"closed","template":"","meta":[],"product_cat":[50,83],"product_tag":[],"bundle_layout":"","bundled_by":[],"bundled_items":[],"_links":{"self":[{"href":"https:\/\/www.test.crystalalarm.com\/dev\/v1\/wp-json\/wp\/v2\/product\/17200"}],"collection":[{"href":"https:\/\/www.test.crystalalarm.com\/dev\/v1\/wp-json\/wp\/v2\/product"}],"about":[{"href":"https:\/\/www.test.crystalalarm.com\/dev\/v1\/wp-json\/wp\/v2\/types\/product"}],"replies":[{"embeddable":true,"href":"https:\/\/www.test.crystalalarm.com\/dev\/v1\/wp-json\/wp\/v2\/comments?post=17200"}],"wp:featuredmedia":[{"embeddable":true,"href":"https:\/\/www.test.crystalalarm.com\/dev\/v1\/wp-json\/wp\/v2\/media\/17115"}],"wp:attachment":[{"href":"https:\/\/www.test.crystalalarm.com\/dev\/v1\/wp-json\/wp\/v2\/media?parent=17200"}],"wp:term":[{"taxonomy":"product_cat","embeddable":true,"href":"https:\/\/www.test.crystalalarm.com\/dev\/v1\/wp-json\/wp\/v2\/product_cat?post=17200"},{"taxonomy":"product_tag","embeddable":true,"href":"https:\/\/www.test.crystalalarm.com\/dev\/v1\/wp-json\/wp\/v2\/product_tag?post=17200"}],"curies":[{"name":"wp","href":"https:\/\/api.w.org\/{rel}","templated":true}]}}