{"id":17195,"date":"2020-11-06T14:46:13","date_gmt":"2020-11-06T13:46:13","guid":{"rendered":"https:\/\/www.test.crystalalarm.com\/dev\/v1\/?post_type=product&#038;p=17195"},"modified":"2024-03-21T08:29:56","modified_gmt":"2024-03-21T07:29:56","slug":"servicearbete-crystal-button","status":"publish","type":"product","link":"https:\/\/www.test.crystalalarm.com\/dev\/v1\/produkt\/servicearbete-crystal-button\/","title":{"rendered":"Servicearbete Crystal Button"},"content":{"rendered":"<p>Boka service f\u00f6r Crystal Button. Fr\u00e5n 50kr, <strong>priset kommer att justeras efter det servicearbete som kr\u00e4vs och kostnad f\u00f6r de delar som beh\u00f6ver bytas ut<\/strong>. Detta kan inneh\u00e5lla exempelbis Batteribyte, utbyte av skadade delar.<\/p>\n<p>Funktionskontroll ing\u00e5r alltid.<\/p>\n<p>Om \u00f6nskem\u00e5l kring vilken service som \u00f6nskas finns, skicka g\u00e4rna ett separat mail till support och ange ordernummer.<\/p>\n<p>Efter service kommer vi att skicka tillbaka enheterna till den adress som anges. Enheterna skickar ni till oss p\u00e5<\/p>\n<p>Crystal Alarm<br \/>\nF\u00f6rsta Magasinsgatan 5<br \/>\n803 10 G\u00e4vle<\/p>\n<p>Exempel p\u00e5 \u00f6nskem\u00e5l:<br \/>\n&#8211; Byt alla batterier<br \/>\n&#8211; Byt ut h\u00f6ljet vid minsta skada<\/p>\n","protected":false},"excerpt":{"rendered":"<p>Boka service f\u00f6r Crystal Button. Fr\u00e5n 50kr, priset kommer att justeras efter det servicearbete som kr\u00e4vs och kostnad f\u00f6r de delar som beh\u00f6ver bytas ut. Detta kan inneh\u00e5lla exempelbis Batteribyte, utbyte av skadade delar. Funktionskontroll ing\u00e5r alltid. Om \u00f6nskem\u00e5l kring vilken service som \u00f6nskas finns, skicka g\u00e4rna ett separat mail till support och ange ordernummer. [&hellip;]<\/p>\n","protected":false},"featured_media":17106,"comment_status":"closed","ping_status":"closed","template":"","meta":[],"product_cat":[50],"product_tag":[],"bundle_layout":"","bundled_by":[],"bundled_items":[],"_links":{"self":[{"href":"https:\/\/www.test.crystalalarm.com\/dev\/v1\/wp-json\/wp\/v2\/product\/17195"}],"collection":[{"href":"https:\/\/www.test.crystalalarm.com\/dev\/v1\/wp-json\/wp\/v2\/product"}],"about":[{"href":"https:\/\/www.test.crystalalarm.com\/dev\/v1\/wp-json\/wp\/v2\/types\/product"}],"replies":[{"embeddable":true,"href":"https:\/\/www.test.crystalalarm.com\/dev\/v1\/wp-json\/wp\/v2\/comments?post=17195"}],"wp:featuredmedia":[{"embeddable":true,"href":"https:\/\/www.test.crystalalarm.com\/dev\/v1\/wp-json\/wp\/v2\/media\/17106"}],"wp:attachment":[{"href":"https:\/\/www.test.crystalalarm.com\/dev\/v1\/wp-json\/wp\/v2\/media?parent=17195"}],"wp:term":[{"taxonomy":"product_cat","embeddable":true,"href":"https:\/\/www.test.crystalalarm.com\/dev\/v1\/wp-json\/wp\/v2\/product_cat?post=17195"},{"taxonomy":"product_tag","embeddable":true,"href":"https:\/\/www.test.crystalalarm.com\/dev\/v1\/wp-json\/wp\/v2\/product_tag?post=17195"}],"curies":[{"name":"wp","href":"https:\/\/api.w.org\/{rel}","templated":true}]}}