{"id":17192,"date":"2020-09-19T10:25:59","date_gmt":"2020-09-19T08:25:59","guid":{"rendered":"https:\/\/www.test.crystalalarm.com\/dev\/v1\/?post_type=product&#038;p=17192"},"modified":"2024-03-21T08:29:55","modified_gmt":"2024-03-21T07:29:55","slug":"personlarm-srt306i","status":"publish","type":"product","link":"https:\/\/www.test.crystalalarm.com\/dev\/v1\/produkt\/personlarm-srt306i\/","title":{"rendered":"Personlarm SRT306i"},"content":{"rendered":"<p>SRT306i \u00e4r ett personlarm som \u00e4r utformat f\u00f6r att anv\u00e4ndas med inomhuspositionering.<\/p>\n","protected":false},"excerpt":{"rendered":"<p>Med ett tryck p\u00e5 larmknappen f\u00e5r larmcentralen information om vem den n\u00f6dst\u00e4llde \u00e4r och vilken position personen har. Samtidigt kopplas ett r\u00f6stsamtal upp och operat\u00f6ren kan h\u00f6ra vad som h\u00e4nder och hur situationen utvecklas. Beroende p\u00e5 h\u00e4ndelsef\u00f6rlopp och f\u00f6rutbest\u00e4md larmplan ser operat\u00f6ren till att r\u00e4tt hj\u00e4lpinsatser kommer p\u00e5 plats. En trygg vetskap f\u00f6r utsatta personer.<\/p>\n","protected":false},"featured_media":17101,"comment_status":"closed","ping_status":"closed","template":"","meta":[],"product_cat":[53,93],"product_tag":[],"bundle_layout":"","bundled_by":[],"bundled_items":[],"_links":{"self":[{"href":"https:\/\/www.test.crystalalarm.com\/dev\/v1\/wp-json\/wp\/v2\/product\/17192"}],"collection":[{"href":"https:\/\/www.test.crystalalarm.com\/dev\/v1\/wp-json\/wp\/v2\/product"}],"about":[{"href":"https:\/\/www.test.crystalalarm.com\/dev\/v1\/wp-json\/wp\/v2\/types\/product"}],"replies":[{"embeddable":true,"href":"https:\/\/www.test.crystalalarm.com\/dev\/v1\/wp-json\/wp\/v2\/comments?post=17192"}],"wp:featuredmedia":[{"embeddable":true,"href":"https:\/\/www.test.crystalalarm.com\/dev\/v1\/wp-json\/wp\/v2\/media\/17101"}],"wp:attachment":[{"href":"https:\/\/www.test.crystalalarm.com\/dev\/v1\/wp-json\/wp\/v2\/media?parent=17192"}],"wp:term":[{"taxonomy":"product_cat","embeddable":true,"href":"https:\/\/www.test.crystalalarm.com\/dev\/v1\/wp-json\/wp\/v2\/product_cat?post=17192"},{"taxonomy":"product_tag","embeddable":true,"href":"https:\/\/www.test.crystalalarm.com\/dev\/v1\/wp-json\/wp\/v2\/product_tag?post=17192"}],"curies":[{"name":"wp","href":"https:\/\/api.w.org\/{rel}","templated":true}]}}