{"id":17191,"date":"2020-09-16T21:40:28","date_gmt":"2020-09-16T19:40:28","guid":{"rendered":"https:\/\/www.test.crystalalarm.com\/dev\/v1\/?post_type=product&#038;p=17191"},"modified":"2024-03-21T08:29:55","modified_gmt":"2024-03-21T07:29:55","slug":"personlarm-srt306-g2","status":"publish","type":"product","link":"https:\/\/www.test.crystalalarm.com\/dev\/v1\/produkt\/personlarm-srt306-g2\/","title":{"rendered":"Personlarm SRT306 G2"},"content":{"rendered":"<p>SRT306 G.<\/p>\n<p>Denna produkt har utg\u00e5tt d\u00e5 2G och 3G n\u00e4tet snart st\u00e4ngs ner.<\/p>\n","protected":false},"excerpt":{"rendered":"<p>SRT306 G2 \u00e4r den senaste modellen fr\u00e5n SRT. SRT306 G2 har 3G, l\u00e4ngre batteritid och kan konfigureras med en rad funktioner, som ManDown, timerlarm m.m.<\/p>\n","protected":false},"featured_media":17099,"comment_status":"closed","ping_status":"closed","template":"","meta":[],"product_cat":[53,93],"product_tag":[],"bundle_layout":"","bundled_by":[],"bundled_items":[],"_links":{"self":[{"href":"https:\/\/www.test.crystalalarm.com\/dev\/v1\/wp-json\/wp\/v2\/product\/17191"}],"collection":[{"href":"https:\/\/www.test.crystalalarm.com\/dev\/v1\/wp-json\/wp\/v2\/product"}],"about":[{"href":"https:\/\/www.test.crystalalarm.com\/dev\/v1\/wp-json\/wp\/v2\/types\/product"}],"replies":[{"embeddable":true,"href":"https:\/\/www.test.crystalalarm.com\/dev\/v1\/wp-json\/wp\/v2\/comments?post=17191"}],"wp:featuredmedia":[{"embeddable":true,"href":"https:\/\/www.test.crystalalarm.com\/dev\/v1\/wp-json\/wp\/v2\/media\/17099"}],"wp:attachment":[{"href":"https:\/\/www.test.crystalalarm.com\/dev\/v1\/wp-json\/wp\/v2\/media?parent=17191"}],"wp:term":[{"taxonomy":"product_cat","embeddable":true,"href":"https:\/\/www.test.crystalalarm.com\/dev\/v1\/wp-json\/wp\/v2\/product_cat?post=17191"},{"taxonomy":"product_tag","embeddable":true,"href":"https:\/\/www.test.crystalalarm.com\/dev\/v1\/wp-json\/wp\/v2\/product_tag?post=17191"}],"curies":[{"name":"wp","href":"https:\/\/api.w.org\/{rel}","templated":true}]}}