{"id":17189,"date":"2019-12-11T11:11:35","date_gmt":"2019-12-11T10:11:35","guid":{"rendered":"https:\/\/www.test.crystalalarm.com\/dev\/v1\/?post_type=product&#038;p=17189"},"modified":"2024-03-21T08:29:54","modified_gmt":"2024-03-21T07:29:54","slug":"personlarm-twig-protector-pro","status":"publish","type":"product","link":"https:\/\/www.test.crystalalarm.com\/dev\/v1\/produkt\/personlarm-twig-protector-pro\/","title":{"rendered":"Personlarm Twig Protector Pro"},"content":{"rendered":"<p>Denna produkt har utg\u00e5tt, d\u00e5 2G och 3G n\u00e4tet \u00e4r under avveckling.<\/p>\n","protected":false},"excerpt":{"rendered":"<p>Ett frist\u00e5ende personalarm med eget sim-kort och positionering med m\u00f6jlighet till h\u00f6gre ljudvolym och starkare vibrationer vid bullriga milj\u00f6er. Kan integreras med kollegor som anv\u00e4nder Crystal Alarm.<\/p>\n","protected":false},"featured_media":17095,"comment_status":"closed","ping_status":"closed","template":"","meta":[],"product_cat":[53,93],"product_tag":[],"bundle_layout":"","bundled_by":[],"bundled_items":[],"_links":{"self":[{"href":"https:\/\/www.test.crystalalarm.com\/dev\/v1\/wp-json\/wp\/v2\/product\/17189"}],"collection":[{"href":"https:\/\/www.test.crystalalarm.com\/dev\/v1\/wp-json\/wp\/v2\/product"}],"about":[{"href":"https:\/\/www.test.crystalalarm.com\/dev\/v1\/wp-json\/wp\/v2\/types\/product"}],"replies":[{"embeddable":true,"href":"https:\/\/www.test.crystalalarm.com\/dev\/v1\/wp-json\/wp\/v2\/comments?post=17189"}],"wp:featuredmedia":[{"embeddable":true,"href":"https:\/\/www.test.crystalalarm.com\/dev\/v1\/wp-json\/wp\/v2\/media\/17095"}],"wp:attachment":[{"href":"https:\/\/www.test.crystalalarm.com\/dev\/v1\/wp-json\/wp\/v2\/media?parent=17189"}],"wp:term":[{"taxonomy":"product_cat","embeddable":true,"href":"https:\/\/www.test.crystalalarm.com\/dev\/v1\/wp-json\/wp\/v2\/product_cat?post=17189"},{"taxonomy":"product_tag","embeddable":true,"href":"https:\/\/www.test.crystalalarm.com\/dev\/v1\/wp-json\/wp\/v2\/product_tag?post=17189"}],"curies":[{"name":"wp","href":"https:\/\/api.w.org\/{rel}","templated":true}]}}