{"id":17188,"date":"2019-12-11T10:58:40","date_gmt":"2019-12-11T09:58:40","guid":{"rendered":"https:\/\/www.test.crystalalarm.com\/dev\/v1\/?post_type=product&#038;p=17188"},"modified":"2024-03-21T08:29:53","modified_gmt":"2024-03-21T07:29:53","slug":"personlarm-twig-embody-key-card-red-button","status":"publish","type":"product","link":"https:\/\/www.test.crystalalarm.com\/dev\/v1\/produkt\/personlarm-twig-embody-key-card-red-button\/","title":{"rendered":"Personlarm Twig Embody Key Card"},"content":{"rendered":"<p>Denna produkt har utg\u00e5tt i sortiment d\u00e5 2G och 3G n\u00e4ttet \u00e4r under avveckling.<\/p>\n","protected":false},"excerpt":{"rendered":"<p>Ett frist\u00e5ende personalarm med eget sim-kort och positionering med inbyggd ID-kortsh\u00e5llare p\u00e5 ena sidan, s\u00e5 att du p\u00e5 ett diskret s\u00e4tt alltid b\u00e4r med dig ditt personlarm d\u00e4r du har ditt ID\/nyckelkort. Kan integreras med kollegor som anv\u00e4nder Crystal Alarm.<\/p>\n","protected":false},"featured_media":17092,"comment_status":"closed","ping_status":"closed","template":"","meta":[],"product_cat":[53,93],"product_tag":[],"bundle_layout":"","bundled_by":[],"bundled_items":[],"_links":{"self":[{"href":"https:\/\/www.test.crystalalarm.com\/dev\/v1\/wp-json\/wp\/v2\/product\/17188"}],"collection":[{"href":"https:\/\/www.test.crystalalarm.com\/dev\/v1\/wp-json\/wp\/v2\/product"}],"about":[{"href":"https:\/\/www.test.crystalalarm.com\/dev\/v1\/wp-json\/wp\/v2\/types\/product"}],"replies":[{"embeddable":true,"href":"https:\/\/www.test.crystalalarm.com\/dev\/v1\/wp-json\/wp\/v2\/comments?post=17188"}],"wp:featuredmedia":[{"embeddable":true,"href":"https:\/\/www.test.crystalalarm.com\/dev\/v1\/wp-json\/wp\/v2\/media\/17092"}],"wp:attachment":[{"href":"https:\/\/www.test.crystalalarm.com\/dev\/v1\/wp-json\/wp\/v2\/media?parent=17188"}],"wp:term":[{"taxonomy":"product_cat","embeddable":true,"href":"https:\/\/www.test.crystalalarm.com\/dev\/v1\/wp-json\/wp\/v2\/product_cat?post=17188"},{"taxonomy":"product_tag","embeddable":true,"href":"https:\/\/www.test.crystalalarm.com\/dev\/v1\/wp-json\/wp\/v2\/product_tag?post=17188"}],"curies":[{"name":"wp","href":"https:\/\/api.w.org\/{rel}","templated":true}]}}