{"id":17182,"date":"2017-05-12T12:48:05","date_gmt":"2017-05-12T10:48:05","guid":{"rendered":"https:\/\/www.test.crystalalarm.com\/dev\/v1\/?post_type=product&#038;p=17182"},"modified":"2024-03-21T08:29:49","modified_gmt":"2024-03-21T07:29:49","slug":"batteribyte-crystal-button-cb10","status":"publish","type":"product","link":"https:\/\/www.test.crystalalarm.com\/dev\/v1\/produkt\/batteribyte-crystal-button-cb10\/","title":{"rendered":"Batteribyte Crystal Button CB10"},"content":{"rendered":"<p>Vi byter batteri p\u00e5 din Crystal Button. Skicka de Crystal buttons som beh\u00f6ver batteribyte till oss s\u00e5 genomf\u00f6r vi bytet till ett f\u00e4rskt batteri och skickar tillbaka.<\/p>\n<p>Enheterna skickar ni till oss p\u00e5:<br \/>\nCrystal Alarm<br \/>\nF\u00f6rsta Magasinsgatan 5<br \/>\n803 10 G\u00e4vle<\/p>\n<p>Gl\u00f6m inte bifoga en utskrift av orderbekr\u00e4ftelsen med ordernr.<\/p>\n","protected":false},"excerpt":{"rendered":"<p>Vi byter batteri p\u00e5 din Crystal Button. Skicka de Crystal buttons som beh\u00f6ver batteribyte till oss s\u00e5 genomf\u00f6r vi bytet till ett f\u00e4rskt batteri och skickar tillbaka. Enheterna skickar ni till oss p\u00e5: Crystal Alarm F\u00f6rsta Magasinsgatan 5 803 10 G\u00e4vle Gl\u00f6m inte bifoga en utskrift av orderbekr\u00e4ftelsen med ordernr.<\/p>\n","protected":false},"featured_media":17079,"comment_status":"open","ping_status":"closed","template":"","meta":[],"product_cat":[50],"product_tag":[],"bundle_layout":"","bundled_by":[],"bundled_items":[],"_links":{"self":[{"href":"https:\/\/www.test.crystalalarm.com\/dev\/v1\/wp-json\/wp\/v2\/product\/17182"}],"collection":[{"href":"https:\/\/www.test.crystalalarm.com\/dev\/v1\/wp-json\/wp\/v2\/product"}],"about":[{"href":"https:\/\/www.test.crystalalarm.com\/dev\/v1\/wp-json\/wp\/v2\/types\/product"}],"replies":[{"embeddable":true,"href":"https:\/\/www.test.crystalalarm.com\/dev\/v1\/wp-json\/wp\/v2\/comments?post=17182"}],"wp:featuredmedia":[{"embeddable":true,"href":"https:\/\/www.test.crystalalarm.com\/dev\/v1\/wp-json\/wp\/v2\/media\/17079"}],"wp:attachment":[{"href":"https:\/\/www.test.crystalalarm.com\/dev\/v1\/wp-json\/wp\/v2\/media?parent=17182"}],"wp:term":[{"taxonomy":"product_cat","embeddable":true,"href":"https:\/\/www.test.crystalalarm.com\/dev\/v1\/wp-json\/wp\/v2\/product_cat?post=17182"},{"taxonomy":"product_tag","embeddable":true,"href":"https:\/\/www.test.crystalalarm.com\/dev\/v1\/wp-json\/wp\/v2\/product_tag?post=17182"}],"curies":[{"name":"wp","href":"https:\/\/api.w.org\/{rel}","templated":true}]}}