{"id":17180,"date":"2017-03-02T16:32:00","date_gmt":"2017-03-02T15:32:00","guid":{"rendered":"https:\/\/www.test.crystalalarm.com\/dev\/v1\/?post_type=product&#038;p=17180"},"modified":"2024-03-21T08:29:48","modified_gmt":"2024-03-21T07:29:48","slug":"srt306","status":"publish","type":"product","link":"https:\/\/www.test.crystalalarm.com\/dev\/v1\/produkt\/srt306\/","title":{"rendered":"Personlarm SRT306"},"content":{"rendered":"<p>Detta personlarm har utg\u00e5tt ur sortiment d\u00e5 2G och 3G n\u00e4tet \u00e4r under avvekling.<\/p>\n","protected":false},"excerpt":{"rendered":"<p>Detta personlarm har utg\u00e5tt ur sortiment d\u00e5 2G och 3G n\u00e4tet \u00e4r under avvekling.<\/p>\n","protected":false},"featured_media":17074,"comment_status":"closed","ping_status":"closed","template":"","meta":[],"product_cat":[18,53,93],"product_tag":[10],"bundle_layout":"","bundled_by":[],"bundled_items":[],"_links":{"self":[{"href":"https:\/\/www.test.crystalalarm.com\/dev\/v1\/wp-json\/wp\/v2\/product\/17180"}],"collection":[{"href":"https:\/\/www.test.crystalalarm.com\/dev\/v1\/wp-json\/wp\/v2\/product"}],"about":[{"href":"https:\/\/www.test.crystalalarm.com\/dev\/v1\/wp-json\/wp\/v2\/types\/product"}],"replies":[{"embeddable":true,"href":"https:\/\/www.test.crystalalarm.com\/dev\/v1\/wp-json\/wp\/v2\/comments?post=17180"}],"wp:featuredmedia":[{"embeddable":true,"href":"https:\/\/www.test.crystalalarm.com\/dev\/v1\/wp-json\/wp\/v2\/media\/17074"}],"wp:attachment":[{"href":"https:\/\/www.test.crystalalarm.com\/dev\/v1\/wp-json\/wp\/v2\/media?parent=17180"}],"wp:term":[{"taxonomy":"product_cat","embeddable":true,"href":"https:\/\/www.test.crystalalarm.com\/dev\/v1\/wp-json\/wp\/v2\/product_cat?post=17180"},{"taxonomy":"product_tag","embeddable":true,"href":"https:\/\/www.test.crystalalarm.com\/dev\/v1\/wp-json\/wp\/v2\/product_tag?post=17180"}],"curies":[{"name":"wp","href":"https:\/\/api.w.org\/{rel}","templated":true}]}}