{"id":17176,"date":"2017-02-26T11:33:30","date_gmt":"2017-02-26T10:33:30","guid":{"rendered":"https:\/\/www.test.crystalalarm.com\/dev\/v1\/?post_type=product&#038;p=17176"},"modified":"2024-03-21T08:29:47","modified_gmt":"2024-03-21T07:29:47","slug":"crystal-button","status":"publish","type":"product","link":"https:\/\/www.test.crystalalarm.com\/dev\/v1\/produkt\/crystal-button\/","title":{"rendered":"Crystal Button CB10 Larmknapp (Utg\u00e5tt)"},"content":{"rendered":"<p>Crystal Button CB10 har utg\u00e5tt. V\u00e4nligen best\u00e4ll v\u00e5r nya version Crystal Button CB20.<\/p>\n","protected":false},"excerpt":{"rendered":"<p>Tillvalet Crystal Button kompletterar ditt personlarm n\u00e4r du \u00f6nskar en dedikerad larmknapp. Den specialdesignade knappen med \u00f6ver sex m\u00e5naders batteritid, skickar larmet via din befintliga mobiltelefon, och kr\u00e4ver d\u00e4rmed inget extra abonnemang.<\/p>\n<p>OBS! Denna produkt har utg\u00e5tt.<br \/>\nF\u00f6rbest\u00e4ll CB20 <a href=\"https:\/\/www.crystalalarm.se\/produkt\/crystal-button-cb20-larmknapp-forbestall\/?preview_id=11687&amp;preview_nonce=51b0fdf686&amp;_thumbnail_id=11694&amp;preview=true\">h\u00e4r<\/a><\/p>\n","protected":false},"featured_media":17066,"comment_status":"closed","ping_status":"closed","template":"","meta":[],"product_cat":[18,19],"product_tag":[10,9],"bundle_layout":"","bundled_by":[],"bundled_items":[],"_links":{"self":[{"href":"https:\/\/www.test.crystalalarm.com\/dev\/v1\/wp-json\/wp\/v2\/product\/17176"}],"collection":[{"href":"https:\/\/www.test.crystalalarm.com\/dev\/v1\/wp-json\/wp\/v2\/product"}],"about":[{"href":"https:\/\/www.test.crystalalarm.com\/dev\/v1\/wp-json\/wp\/v2\/types\/product"}],"replies":[{"embeddable":true,"href":"https:\/\/www.test.crystalalarm.com\/dev\/v1\/wp-json\/wp\/v2\/comments?post=17176"}],"wp:featuredmedia":[{"embeddable":true,"href":"https:\/\/www.test.crystalalarm.com\/dev\/v1\/wp-json\/wp\/v2\/media\/17066"}],"wp:attachment":[{"href":"https:\/\/www.test.crystalalarm.com\/dev\/v1\/wp-json\/wp\/v2\/media?parent=17176"}],"wp:term":[{"taxonomy":"product_cat","embeddable":true,"href":"https:\/\/www.test.crystalalarm.com\/dev\/v1\/wp-json\/wp\/v2\/product_cat?post=17176"},{"taxonomy":"product_tag","embeddable":true,"href":"https:\/\/www.test.crystalalarm.com\/dev\/v1\/wp-json\/wp\/v2\/product_tag?post=17176"}],"curies":[{"name":"wp","href":"https:\/\/api.w.org\/{rel}","templated":true}]}}