{"id":13390,"date":"2024-01-01T08:08:25","date_gmt":"2024-01-01T07:08:25","guid":{"rendered":"http:\/\/localhost:8888\/wp-canvas\/?post_type=product&#038;p=13390"},"modified":"2024-03-21T08:39:24","modified_gmt":"2024-03-21T07:39:24","slug":"batteri-till-crystal-button","status":"publish","type":"product","link":"https:\/\/www.test.crystalalarm.com\/dev\/v1\/produkt\/batteri-till-crystal-button\/","title":{"rendered":"Batteri till Crystal Button"},"content":{"rendered":"<p>Crystal Button anv\u00e4nder vanliga CR2032. Vi har testat flera olika fabrikat och hittat n\u00e5gra som h\u00e5ller l\u00e4nge.<br \/>\nD\u00e5 vi testat olika batterier har livsl\u00e4ngden varierat s\u00e5 mycket som mellan 6 &#8211; 24 m\u00e5n det \u00e4r d\u00e4rmed viktigt att v\u00e4lja kvalitetsbatterier vid utbyte.<\/p>\n<p>Vi har batterier i Bulk, dessa b\u00f6r inte flyttas efter att man \u00f6ppnat paketet eftersom de ligger l\u00f6sa i kartor om 20st. Samtidigt g\u00e5r det v\u00e4ldigt snabbt att plocka batterier fr\u00e5n dessa kartor vilket kan vara bra om man vill byta batterier p\u00e5 flera enheter samtidigt. Batterier i bulk g\u00e5r bara att k\u00f6pa i f\u00f6rpackningar om 200st.<\/p>\n<p>Vi har \u00e4ven batterier f\u00f6rpackade 5st per karta. I dessa kartor ligger batterierna stadigt och man kan enkelt distribuera batterierna vidare i organisationen.<\/p>\n<p>Batterif\u00f6rs\u00e4ljningen \u00e4r en service till v\u00e5ra kunder och anv\u00e4ndare av Crystal Button. Dessa batterier kan inte k\u00f6pas f\u00f6r andra \u00e4ndam\u00e5l.<\/p>\n","protected":false},"excerpt":{"rendered":"<p>Crystal Button anv\u00e4nder vanliga CR2032. Vi har testat flera olika fabrikat och hittat n\u00e5gra som h\u00e5ller l\u00e4nge. D\u00e5 vi testat olika batterier har livsl\u00e4ngden varierat s\u00e5 mycket som mellan 6 &#8211; 24 m\u00e5n det \u00e4r d\u00e4rmed viktigt att v\u00e4lja kvalitetsbatterier vid utbyte. Vi har batterier i Bulk, dessa b\u00f6r inte flyttas efter att man \u00f6ppnat [&hellip;]<\/p>\n","protected":false},"featured_media":13200,"comment_status":"closed","ping_status":"closed","template":"","meta":[],"product_cat":[18,61,19],"product_tag":[],"bundle_layout":"","bundled_by":[],"bundled_items":[],"_links":{"self":[{"href":"https:\/\/www.test.crystalalarm.com\/dev\/v1\/wp-json\/wp\/v2\/product\/13390"}],"collection":[{"href":"https:\/\/www.test.crystalalarm.com\/dev\/v1\/wp-json\/wp\/v2\/product"}],"about":[{"href":"https:\/\/www.test.crystalalarm.com\/dev\/v1\/wp-json\/wp\/v2\/types\/product"}],"replies":[{"embeddable":true,"href":"https:\/\/www.test.crystalalarm.com\/dev\/v1\/wp-json\/wp\/v2\/comments?post=13390"}],"wp:featuredmedia":[{"embeddable":true,"href":"https:\/\/www.test.crystalalarm.com\/dev\/v1\/wp-json\/wp\/v2\/media\/13200"}],"wp:attachment":[{"href":"https:\/\/www.test.crystalalarm.com\/dev\/v1\/wp-json\/wp\/v2\/media?parent=13390"}],"wp:term":[{"taxonomy":"product_cat","embeddable":true,"href":"https:\/\/www.test.crystalalarm.com\/dev\/v1\/wp-json\/wp\/v2\/product_cat?post=13390"},{"taxonomy":"product_tag","embeddable":true,"href":"https:\/\/www.test.crystalalarm.com\/dev\/v1\/wp-json\/wp\/v2\/product_tag?post=13390"}],"curies":[{"name":"wp","href":"https:\/\/api.w.org\/{rel}","templated":true}]}}