{"id":13389,"date":"2024-01-01T08:08:25","date_gmt":"2024-01-01T07:08:25","guid":{"rendered":"http:\/\/localhost:8888\/wp-canvas\/?post_type=product&#038;p=13389"},"modified":"2024-09-17T08:14:37","modified_gmt":"2024-09-17T06:14:37","slug":"small-business-applarm","status":"publish","type":"product","link":"https:\/\/www.test.crystalalarm.com\/dev\/v1\/produkt\/small-business-applarm\/","title":{"rendered":"Small Business Applarm"},"content":{"rendered":"<p class=\"p1\"><span class=\"s1\">Ett personlarm st\u00e4rker din s\u00e4kerhet vid riskfyllda situationer, hotfulla l\u00e4gen och ensamarbete. Med appen Crystal Alarm i mobilen \u00e4r hj\u00e4lpen bara en knapptryckning bort. B\u00e4r tryggheten i fickan vart du \u00e4n g\u00e5r. Med Small Business kan man ansluta upp till 25 anv\u00e4ndare varav 5 kan vara larmmottagare.<\/span><\/p>\n<p>Priset g\u00e4ller f\u00f6r 1 anv\u00e4ndare. Ytterligare anv\u00e4ndare tillkommer d\u00e5 man beh\u00f6ver minst en anv\u00e4ndare att larma till.<\/p>\n","protected":false},"excerpt":{"rendered":"<p>Ett personlarm st\u00e4rker din s\u00e4kerhet vid riskfyllda situationer, hotfulla l\u00e4gen och ensamarbete. Med appen Crystal Alarm i mobilen \u00e4r hj\u00e4lpen bara en knapptryckning bort. B\u00e4r tryggheten i fickan vart du \u00e4n g\u00e5r. Med Small Business kan man ansluta upp till 25 anv\u00e4ndare varav 5 kan vara larmmottagare. Priset g\u00e4ller f\u00f6r 1 anv\u00e4ndare. Ytterligare anv\u00e4ndare tillkommer [&hellip;]<\/p>\n","protected":false},"featured_media":13193,"comment_status":"closed","ping_status":"closed","template":"","meta":[],"product_cat":[19],"product_tag":[],"bundle_layout":"default","bundled_by":[],"bundled_items":[{"bundled_item_id":5,"product_id":13368,"menu_order":0,"quantity_min":2,"quantity_max":25,"priced_individually":true,"shipped_individually":true,"override_title":false,"title":"","override_description":false,"description":"","optional":false,"hide_thumbnail":false,"discount":"","override_variations":false,"allowed_variations":[],"override_default_variation_attributes":false,"default_variation_attributes":[],"single_product_visibility":"visible","cart_visibility":"visible","order_visibility":"visible","single_product_price_visibility":"visible","cart_price_visibility":"visible","order_price_visibility":"visible","stock_status":"in_stock"},{"bundled_item_id":8,"product_id":17211,"menu_order":1,"quantity_min":1,"quantity_max":25,"priced_individually":true,"shipped_individually":false,"override_title":false,"title":"","override_description":false,"description":"","optional":false,"hide_thumbnail":false,"discount":"","override_variations":false,"allowed_variations":[],"override_default_variation_attributes":false,"default_variation_attributes":[],"single_product_visibility":"visible","cart_visibility":"visible","order_visibility":"visible","single_product_price_visibility":"visible","cart_price_visibility":"visible","order_price_visibility":"visible","stock_status":"in_stock"}],"_links":{"self":[{"href":"https:\/\/www.test.crystalalarm.com\/dev\/v1\/wp-json\/wp\/v2\/product\/13389"}],"collection":[{"href":"https:\/\/www.test.crystalalarm.com\/dev\/v1\/wp-json\/wp\/v2\/product"}],"about":[{"href":"https:\/\/www.test.crystalalarm.com\/dev\/v1\/wp-json\/wp\/v2\/types\/product"}],"replies":[{"embeddable":true,"href":"https:\/\/www.test.crystalalarm.com\/dev\/v1\/wp-json\/wp\/v2\/comments?post=13389"}],"wp:featuredmedia":[{"embeddable":true,"href":"https:\/\/www.test.crystalalarm.com\/dev\/v1\/wp-json\/wp\/v2\/media\/13193"}],"wp:attachment":[{"href":"https:\/\/www.test.crystalalarm.com\/dev\/v1\/wp-json\/wp\/v2\/media?parent=13389"}],"wp:term":[{"taxonomy":"product_cat","embeddable":true,"href":"https:\/\/www.test.crystalalarm.com\/dev\/v1\/wp-json\/wp\/v2\/product_cat?post=13389"},{"taxonomy":"product_tag","embeddable":true,"href":"https:\/\/www.test.crystalalarm.com\/dev\/v1\/wp-json\/wp\/v2\/product_tag?post=13389"}],"curies":[{"name":"wp","href":"https:\/\/api.w.org\/{rel}","templated":true}]}}