{"id":9410,"date":"2022-07-04T13:14:41","date_gmt":"2022-07-04T11:14:41","guid":{"rendered":"https:\/\/www.crystalalarm.se\/?page_id=9410"},"modified":"2022-07-04T13:48:34","modified_gmt":"2022-07-04T11:48:34","slug":"sjalvserviceportalen-enterprise","status":"publish","type":"page","link":"https:\/\/www.test.crystalalarm.com\/dev\/v1\/sjalvserviceportalen-enterprise\/","title":{"rendered":"Sj\u00e4lvserviceportalen Enterprise"},"content":{"rendered":"\n<p class=\"has-text-align-left\">H\u00e4r kan du logga in i sj\u00e4lvserviceportalen samt n\u00e5 den webb-baserade larmcentralen.<br>Ange din aktiveringskod nedan och tryck p\u00e5 respektive knapp f\u00f6r att komma vidare till r\u00e4tt applikation.<\/p>\n\n\n\n<p>Aktiveringskod: <input name=\"activationCode\" type=\"text\"><\/p>\n\n\n\n<p><input style=\"padding: 10px; border-radius: 5px;\" type=\"button\" value=\"Sj\u00e4lvserviceportal\" onclick=\"window.open('https:\/\/' + document.all['activationCode'].value + '.crystalalarm.com\/admin');\"> <input style=\"padding: 10px; border-radius: 5px;\" type=\"button\" value=\"Larmcentral\" onclick=\"window.open('https:\/\/' + document.all['activationCode'].value + '.crystalalarm.com\/central');\">\n<input style=\"padding: 10px; border-radius: 5px;\" type=\"button\" value=\"Provlarmsportal\" onclick=\"window.open('https:\/\/' + document.all['activationCode'].value + '.crystalalarm.com\/testalarm');\"><\/p>\n","protected":false},"excerpt":{"rendered":"<p>H\u00e4r kan du logga in i sj\u00e4lvserviceportalen samt n\u00e5 den webb-baserade larmcentralen.Ange din aktiveringskod nedan och tryck p\u00e5 respektive knapp f\u00f6r att komma vidare till r\u00e4tt applikation. Aktiveringskod:<\/p>\n","protected":false},"author":170,"featured_media":0,"parent":0,"menu_order":20,"comment_status":"closed","ping_status":"closed","template":"","meta":{"footnotes":""},"_links":{"self":[{"href":"https:\/\/www.test.crystalalarm.com\/dev\/v1\/wp-json\/wp\/v2\/pages\/9410"}],"collection":[{"href":"https:\/\/www.test.crystalalarm.com\/dev\/v1\/wp-json\/wp\/v2\/pages"}],"about":[{"href":"https:\/\/www.test.crystalalarm.com\/dev\/v1\/wp-json\/wp\/v2\/types\/page"}],"author":[{"embeddable":true,"href":"https:\/\/www.test.crystalalarm.com\/dev\/v1\/wp-json\/wp\/v2\/users\/170"}],"replies":[{"embeddable":true,"href":"https:\/\/www.test.crystalalarm.com\/dev\/v1\/wp-json\/wp\/v2\/comments?post=9410"}],"version-history":[{"count":11,"href":"https:\/\/www.test.crystalalarm.com\/dev\/v1\/wp-json\/wp\/v2\/pages\/9410\/revisions"}],"predecessor-version":[{"id":19618,"href":"https:\/\/www.test.crystalalarm.com\/dev\/v1\/wp-json\/wp\/v2\/pages\/9410\/revisions\/19618"}],"wp:attachment":[{"href":"https:\/\/www.test.crystalalarm.com\/dev\/v1\/wp-json\/wp\/v2\/media?parent=9410"}],"curies":[{"name":"wp","href":"https:\/\/api.w.org\/{rel}","templated":true}]}}