{"id":12301,"date":"2023-12-22T10:17:42","date_gmt":"2023-12-22T09:17:42","guid":{"rendered":"http:\/\/localhost:8888\/wp-canvas\/?page_id=12301"},"modified":"2024-04-25T14:21:49","modified_gmt":"2024-04-25T12:21:49","slug":"karriar-2","status":"publish","type":"page","link":"https:\/\/www.test.crystalalarm.com\/dev\/v1\/karriar-2\/","title":{"rendered":"Karri\u00e4r"},"content":{"rendered":"\t\t<div data-elementor-type=\"wp-page\" data-elementor-id=\"12301\" class=\"elementor elementor-12301\" data-elementor-post-type=\"page\">\n\t\t\t\t\t\t<section class=\"elementor-section elementor-top-section elementor-element elementor-element-94b5196 elementor-section-boxed elementor-section-height-default elementor-section-height-default\" data-id=\"94b5196\" data-element_type=\"section\" data-settings=\"{&quot;background_background&quot;:&quot;classic&quot;}\">\n\t\t\t\t\t\t<div class=\"elementor-container elementor-column-gap-default\">\n\t\t\t\t\t<div class=\"elementor-column elementor-col-100 elementor-top-column elementor-element elementor-element-076afb8\" data-id=\"076afb8\" data-element_type=\"column\">\n\t\t\t<div class=\"elementor-widget-wrap elementor-element-populated\">\n\t\t\t\t\t\t<div class=\"elementor-element elementor-element-0b80673 elementor-widget elementor-widget-heading\" data-id=\"0b80673\" data-element_type=\"widget\" data-widget_type=\"heading.default\">\n\t\t\t\t<div class=\"elementor-widget-container\">\n\t\t\t\t\t<h2 class=\"elementor-heading-title elementor-size-default\">Karri\u00e4r<\/h2>\t\t\t\t<\/div>\n\t\t\t\t<\/div>\n\t\t\t\t<div class=\"elementor-element elementor-element-a4b19d5 elementor-widget elementor-widget-heading\" data-id=\"a4b19d5\" data-element_type=\"widget\" data-widget_type=\"heading.default\">\n\t\t\t\t<div class=\"elementor-widget-container\">\n\t\t\t\t\t<p class=\"elementor-heading-title elementor-size-default\">Crystal Alarm \/ Karri\u00e4r<\/p>\t\t\t\t<\/div>\n\t\t\t\t<\/div>\n\t\t\t\t\t<\/div>\n\t\t<\/div>\n\t\t\t\t\t<\/div>\n\t\t<\/section>\n\t\t\t\t<section class=\"elementor-section elementor-top-section elementor-element elementor-element-525737e elementor-section-boxed elementor-section-height-default elementor-section-height-default\" data-id=\"525737e\" data-element_type=\"section\">\n\t\t\t\t\t\t<div class=\"elementor-container elementor-column-gap-default\">\n\t\t\t\t\t<div class=\"elementor-column elementor-col-100 elementor-top-column elementor-element elementor-element-d4b1bd4\" data-id=\"d4b1bd4\" data-element_type=\"column\">\n\t\t\t<div class=\"elementor-widget-wrap elementor-element-populated\">\n\t\t\t\t\t\t<div class=\"elementor-element elementor-element-9728de3 elementor-widget elementor-widget-heading\" data-id=\"9728de3\" data-element_type=\"widget\" data-widget_type=\"heading.default\">\n\t\t\t\t<div class=\"elementor-widget-container\">\n\t\t\t\t\t<h2 class=\"elementor-heading-title elementor-size-default\">Vi s\u00f6ker just nu efter<\/h2>\t\t\t\t<\/div>\n\t\t\t\t<\/div>\n\t\t\t\t<div class=\"elementor-element elementor-element-00716ec elementor-widget elementor-widget-accordion\" data-id=\"00716ec\" data-element_type=\"widget\" data-widget_type=\"accordion.default\">\n\t\t\t\t<div class=\"elementor-widget-container\">\n\t\t\t\t\t\t\t<div class=\"elementor-accordion\">\n\t\t\t\t\t\t\t<div class=\"elementor-accordion-item\">\n\t\t\t\t\t<div id=\"elementor-tab-title-4641\" class=\"elementor-tab-title\" data-tab=\"1\" role=\"button\" aria-controls=\"elementor-tab-content-4641\" aria-expanded=\"false\">\n\t\t\t\t\t\t\t\t\t\t\t\t\t<span class=\"elementor-accordion-icon elementor-accordion-icon-right\" aria-hidden=\"true\">\n\t\t\t\t\t\t\t\t\t\t\t\t\t\t\t<span class=\"elementor-accordion-icon-closed\"><svg class=\"e-font-icon-svg e-fas-chevron-down\" viewBox=\"0 0 448 512\" xmlns=\"http:\/\/www.w3.org\/2000\/svg\"><path d=\"M207.029 381.476L12.686 187.132c-9.373-9.373-9.373-24.569 0-33.941l22.667-22.667c9.357-9.357 24.522-9.375 33.901-.04L224 284.505l154.745-154.021c9.379-9.335 24.544-9.317 33.901.04l22.667 22.667c9.373 9.373 9.373 24.569 0 33.941L240.971 381.476c-9.373 9.372-24.569 9.372-33.942 0z\"><\/path><\/svg><\/span>\n\t\t\t\t\t\t\t\t<span class=\"elementor-accordion-icon-opened\"><svg class=\"e-font-icon-svg e-fas-chevron-up\" viewBox=\"0 0 448 512\" xmlns=\"http:\/\/www.w3.org\/2000\/svg\"><path d=\"M240.971 130.524l194.343 194.343c9.373 9.373 9.373 24.569 0 33.941l-22.667 22.667c-9.357 9.357-24.522 9.375-33.901.04L224 227.495 69.255 381.516c-9.379 9.335-24.544 9.317-33.901-.04l-22.667-22.667c-9.373-9.373-9.373-24.569 0-33.941L207.03 130.525c9.372-9.373 24.568-9.373 33.941-.001z\"><\/path><\/svg><\/span>\n\t\t\t\t\t\t\t\t\t\t\t\t\t\t<\/span>\n\t\t\t\t\t\t\t\t\t\t\t\t<a class=\"elementor-accordion-title\" tabindex=\"0\">System Developer<\/a>\n\t\t\t\t\t<\/div>\n\t\t\t\t\t<div id=\"elementor-tab-content-4641\" class=\"elementor-tab-content elementor-clearfix\" data-tab=\"1\" role=\"region\" aria-labelledby=\"elementor-tab-title-4641\"><p style=\"box-sizing: inherit; margin: var(--artdeco-reset-base-margin-zero); padding: var(--artdeco-reset-base-padding-zero); border: var(--artdeco-reset-base-border-zero); font-size: var(--font-size-small); vertical-align: var(--artdeco-reset-base-vertical-align-baseline); background: var(--artdeco-reset-base-background-transparent); --artdeco-reset-typography_getfontsize: 1.6rem; --artdeco-reset-typography_getlineheight: 1.5; line-height: var(--artdeco-reset-typography_getLineHeight); color: var(--color-text);\"><span style=\"box-sizing: inherit; margin: var(--artdeco-reset-base-margin-zero); padding: var(--artdeco-reset-base-padding-zero); border: var(--artdeco-reset-base-border-zero); font-size: var(--artdeco-reset-base-font-size-hundred-percent); vertical-align: var(--artdeco-reset-base-vertical-align-baseline); background: var(--artdeco-reset-base-background-transparent); outline: var(--artdeco-reset-base-outline-zero);\"><b>Arbetsuppgifter<\/b><\/span><\/p>\n<p style=\"box-sizing: inherit; margin: var(--artdeco-reset-base-margin-zero); padding: var(--artdeco-reset-base-padding-zero); border: var(--artdeco-reset-base-border-zero); font-size: var(--font-size-small); vertical-align: var(--artdeco-reset-base-vertical-align-baseline); background: var(--artdeco-reset-base-background-transparent); font-weight: var(--artdeco-reset-typography-font-weight-normal); --artdeco-reset-typography_getfontsize: 1.6rem; --artdeco-reset-typography_getlineheight: 1.5; line-height: var(--artdeco-reset-typography_getLineHeight); color: var(--color-text);\">Du kommer arbeta med systemutveckling av v\u00e5r molntj\u00e4nst, v\u00e5ra appar p\u00e5 iPhone och Android, integrationer med larmcentraler och andra samarbetspartners. Vidare kommer du arbeta med firmware f\u00f6r en hel del olika h\u00e5rdvaror samt st\u00f6dja v\u00e5ra s\u00e4ljare med kommunikation med potentiella och nuvarande kunder.<\/p><p style=\"box-sizing: inherit; margin: var(--artdeco-reset-base-margin-zero); padding: var(--artdeco-reset-base-padding-zero); border: var(--artdeco-reset-base-border-zero); font-size: var(--font-size-small); vertical-align: var(--artdeco-reset-base-vertical-align-baseline); background: var(--artdeco-reset-base-background-transparent); font-weight: var(--artdeco-reset-typography-font-weight-normal); --artdeco-reset-typography_getfontsize: 1.6rem; --artdeco-reset-typography_getlineheight: 1.5; line-height: var(--artdeco-reset-typography_getLineHeight); color: var(--color-text);\"><br><\/p>\n<p style=\"box-sizing: inherit; margin: var(--artdeco-reset-base-margin-zero); padding: var(--artdeco-reset-base-padding-zero); border: var(--artdeco-reset-base-border-zero); font-size: var(--font-size-small); vertical-align: var(--artdeco-reset-base-vertical-align-baseline); background: var(--artdeco-reset-base-background-transparent); font-weight: var(--artdeco-reset-typography-font-weight-normal); --artdeco-reset-typography_getfontsize: 1.6rem; --artdeco-reset-typography_getlineheight: 1.5; line-height: var(--artdeco-reset-typography_getLineHeight); color: var(--color-text);\">\n<\/p><p style=\"box-sizing: inherit; margin: var(--artdeco-reset-base-margin-zero); padding: var(--artdeco-reset-base-padding-zero); border: var(--artdeco-reset-base-border-zero); font-size: var(--font-size-small); vertical-align: var(--artdeco-reset-base-vertical-align-baseline); background: var(--artdeco-reset-base-background-transparent); --artdeco-reset-typography_getfontsize: 1.6rem; --artdeco-reset-typography_getlineheight: 1.5; line-height: var(--artdeco-reset-typography_getLineHeight); color: var(--color-text);\"><span style=\"box-sizing: inherit; margin: var(--artdeco-reset-base-margin-zero); padding: var(--artdeco-reset-base-padding-zero); border: var(--artdeco-reset-base-border-zero); font-size: var(--artdeco-reset-base-font-size-hundred-percent); vertical-align: var(--artdeco-reset-base-vertical-align-baseline); background: var(--artdeco-reset-base-background-transparent); outline: var(--artdeco-reset-base-outline-zero);\"><b>Vi s\u00f6ker efter dig som har<\/b><\/span><\/p>\n<p style=\"box-sizing: inherit; margin: var(--artdeco-reset-base-margin-zero); padding: var(--artdeco-reset-base-padding-zero); border: var(--artdeco-reset-base-border-zero); font-size: var(--font-size-small); vertical-align: var(--artdeco-reset-base-vertical-align-baseline); background: var(--artdeco-reset-base-background-transparent); font-weight: var(--artdeco-reset-typography-font-weight-normal); --artdeco-reset-typography_getfontsize: 1.6rem; --artdeco-reset-typography_getlineheight: 1.5; line-height: var(--artdeco-reset-typography_getLineHeight); color: var(--color-text);\">En akademisk examen inom systemutveckling, datateknik eller liknande med erfarenhet av utveckling inom:<\/p>\n<ul style=\"box-sizing: inherit; margin-left: 1.6rem; padding-left: 18px; border: var(--artdeco-reset-base-border-zero); font-size: var(--artdeco-reset-base-font-size-hundred-percent); vertical-align: var(--artdeco-reset-base-vertical-align-baseline); background: var(--artdeco-reset-base-background-transparent);\">\n<li style=\"box-sizing: inherit; margin-left: 1.6rem; padding: var(--artdeco-reset-base-padding-zero); border: var(--artdeco-reset-base-border-zero); font-size: var(--artdeco-reset-base-font-size-hundred-percent); vertical-align: var(--artdeco-reset-base-vertical-align-baseline); background: var(--artdeco-reset-base-background-transparent);\">Visual Studio \/ C#<\/li>\n<li style=\"box-sizing: inherit; margin-left: 1.6rem; padding: var(--artdeco-reset-base-padding-zero); border: var(--artdeco-reset-base-border-zero); font-size: var(--artdeco-reset-base-font-size-hundred-percent); vertical-align: var(--artdeco-reset-base-vertical-align-baseline); background: var(--artdeco-reset-base-background-transparent);\">iOS \/ Objective C \/ Swift<\/li>\n<li style=\"box-sizing: inherit; margin-left: 1.6rem; padding: var(--artdeco-reset-base-padding-zero); border: var(--artdeco-reset-base-border-zero); font-size: var(--artdeco-reset-base-font-size-hundred-percent); vertical-align: var(--artdeco-reset-base-vertical-align-baseline); background: var(--artdeco-reset-base-background-transparent);\">Android \/ Java \/ Kotlin<\/li>\n<li style=\"box-sizing: inherit; margin-left: 1.6rem; padding: var(--artdeco-reset-base-padding-zero); border: var(--artdeco-reset-base-border-zero); font-size: var(--artdeco-reset-base-font-size-hundred-percent); vertical-align: var(--artdeco-reset-base-vertical-align-baseline); background: var(--artdeco-reset-base-background-transparent);\">Databas \/ MySQL<\/li>\n<li style=\"box-sizing: inherit; margin-left: 1.6rem; padding: var(--artdeco-reset-base-padding-zero); border: var(--artdeco-reset-base-border-zero); font-size: var(--artdeco-reset-base-font-size-hundred-percent); vertical-align: var(--artdeco-reset-base-vertical-align-baseline); background: var(--artdeco-reset-base-background-transparent);\">jQuery \/ HTML5 \/ Bootstrap &amp; Javascript<\/li>\n<li style=\"box-sizing: inherit; margin-left: 1.6rem; padding: var(--artdeco-reset-base-padding-zero); border: var(--artdeco-reset-base-border-zero); font-size: var(--artdeco-reset-base-font-size-hundred-percent); vertical-align: var(--artdeco-reset-base-vertical-align-baseline); background: var(--artdeco-reset-base-background-transparent);\">Amazon AWS<\/li>\n<\/ul>\n<p style=\"box-sizing: inherit; margin: var(--artdeco-reset-base-margin-zero); padding: var(--artdeco-reset-base-padding-zero); border: var(--artdeco-reset-base-border-zero); font-size: var(--font-size-small); vertical-align: var(--artdeco-reset-base-vertical-align-baseline); background: var(--artdeco-reset-base-background-transparent); font-weight: var(--artdeco-reset-typography-font-weight-normal); --artdeco-reset-typography_getfontsize: 1.6rem; --artdeco-reset-typography_getlineheight: 1.5; line-height: var(--artdeco-reset-typography_getLineHeight); color: var(--color-text);\">\n<\/p><p style=\"box-sizing: inherit; margin: var(--artdeco-reset-base-margin-zero); padding: var(--artdeco-reset-base-padding-zero); border: var(--artdeco-reset-base-border-zero); font-size: var(--font-size-small); vertical-align: var(--artdeco-reset-base-vertical-align-baseline); background: var(--artdeco-reset-base-background-transparent); --artdeco-reset-typography_getfontsize: 1.6rem; --artdeco-reset-typography_getlineheight: 1.5; line-height: var(--artdeco-reset-typography_getLineHeight); color: var(--color-text);\"><b>\u00d6vriga meriterande kunskaper:<\/b><\/p>\n<p style=\"box-sizing: inherit; margin: var(--artdeco-reset-base-margin-zero); padding: var(--artdeco-reset-base-padding-zero); border: var(--artdeco-reset-base-border-zero); font-size: var(--font-size-small); vertical-align: var(--artdeco-reset-base-vertical-align-baseline); background: var(--artdeco-reset-base-background-transparent); font-weight: var(--artdeco-reset-typography-font-weight-normal); --artdeco-reset-typography_getfontsize: 1.6rem; --artdeco-reset-typography_getlineheight: 1.5; line-height: var(--artdeco-reset-typography_getLineHeight); color: var(--color-text);\">Google Cloud, Azure, Bluetooth, SMS, DataSMS, Datas\u00e4kerhet, Kryptering, JSON, Bin\u00e4ra datastrukturer, Kundkontakt, Voip, Asterisk, Linux, Windows Server, GPS, Appium, Python, Jenkins, Zabbix.<\/p>\n<p style=\"box-sizing: inherit; margin: var(--artdeco-reset-base-margin-zero); padding: var(--artdeco-reset-base-padding-zero); border: var(--artdeco-reset-base-border-zero); font-size: var(--font-size-small); vertical-align: var(--artdeco-reset-base-vertical-align-baseline); background: var(--artdeco-reset-base-background-transparent); font-weight: var(--artdeco-reset-typography-font-weight-normal); --artdeco-reset-typography_getfontsize: 1.6rem; --artdeco-reset-typography_getlineheight: 1.5; line-height: var(--artdeco-reset-typography_getLineHeight); color: var(--color-text);\">\n<\/p><p style=\"box-sizing: inherit; margin: var(--artdeco-reset-base-margin-zero); padding: var(--artdeco-reset-base-padding-zero); border: var(--artdeco-reset-base-border-zero); font-size: var(--font-size-small); vertical-align: var(--artdeco-reset-base-vertical-align-baseline); background: var(--artdeco-reset-base-background-transparent); font-weight: var(--artdeco-reset-typography-font-weight-normal); --artdeco-reset-typography_getfontsize: 1.6rem; --artdeco-reset-typography_getlineheight: 1.5; line-height: var(--artdeco-reset-typography_getLineHeight); color: var(--color-text);\">Vidare s\u00f6ker vi dig som har en positiv inst\u00e4llning som bidrar till en god arbetsmilj\u00f6. Det \u00e4r viktigt att du har en f\u00f6rm\u00e5ga att arbeta sj\u00e4lvst\u00e4ndigt och v\u00e5ga ta initiativ. Du pratar flytande svenska och har goda kunskaper i engelska. Vi ser det som meriterande om du kan norska, finska eller danska.<\/p>\n<p style=\"box-sizing: inherit; margin: var(--artdeco-reset-base-margin-zero); padding: var(--artdeco-reset-base-padding-zero); border: var(--artdeco-reset-base-border-zero); font-size: var(--font-size-small); vertical-align: var(--artdeco-reset-base-vertical-align-baseline); background: var(--artdeco-reset-base-background-transparent); font-weight: var(--artdeco-reset-typography-font-weight-normal); --artdeco-reset-typography_getfontsize: 1.6rem; --artdeco-reset-typography_getlineheight: 1.5; line-height: var(--artdeco-reset-typography_getLineHeight); color: var(--color-text);\">\n<\/p><\/div>\n\t\t\t\t<\/div>\n\t\t\t\t\t\t\t\t<\/div>\n\t\t\t\t\t\t<\/div>\n\t\t\t\t<\/div>\n\t\t\t\t<div class=\"elementor-element elementor-element-36110c4 elementor-widget elementor-widget-accordion\" data-id=\"36110c4\" data-element_type=\"widget\" data-widget_type=\"accordion.default\">\n\t\t\t\t<div class=\"elementor-widget-container\">\n\t\t\t\t\t\t\t<div class=\"elementor-accordion\">\n\t\t\t\t\t\t\t<div class=\"elementor-accordion-item\">\n\t\t\t\t\t<div id=\"elementor-tab-title-5661\" class=\"elementor-tab-title\" data-tab=\"1\" role=\"button\" aria-controls=\"elementor-tab-content-5661\" aria-expanded=\"false\">\n\t\t\t\t\t\t\t\t\t\t\t\t\t<span class=\"elementor-accordion-icon elementor-accordion-icon-right\" aria-hidden=\"true\">\n\t\t\t\t\t\t\t\t\t\t\t\t\t\t\t<span class=\"elementor-accordion-icon-closed\"><svg class=\"e-font-icon-svg e-fas-chevron-down\" viewBox=\"0 0 448 512\" xmlns=\"http:\/\/www.w3.org\/2000\/svg\"><path d=\"M207.029 381.476L12.686 187.132c-9.373-9.373-9.373-24.569 0-33.941l22.667-22.667c9.357-9.357 24.522-9.375 33.901-.04L224 284.505l154.745-154.021c9.379-9.335 24.544-9.317 33.901.04l22.667 22.667c9.373 9.373 9.373 24.569 0 33.941L240.971 381.476c-9.373 9.372-24.569 9.372-33.942 0z\"><\/path><\/svg><\/span>\n\t\t\t\t\t\t\t\t<span class=\"elementor-accordion-icon-opened\"><svg class=\"e-font-icon-svg e-fas-chevron-up\" viewBox=\"0 0 448 512\" xmlns=\"http:\/\/www.w3.org\/2000\/svg\"><path d=\"M240.971 130.524l194.343 194.343c9.373 9.373 9.373 24.569 0 33.941l-22.667 22.667c-9.357 9.357-24.522 9.375-33.901.04L224 227.495 69.255 381.516c-9.379 9.335-24.544 9.317-33.901-.04l-22.667-22.667c-9.373-9.373-9.373-24.569 0-33.941L207.03 130.525c9.372-9.373 24.568-9.373 33.941-.001z\"><\/path><\/svg><\/span>\n\t\t\t\t\t\t\t\t\t\t\t\t\t\t<\/span>\n\t\t\t\t\t\t\t\t\t\t\t\t<a class=\"elementor-accordion-title\" tabindex=\"0\">Account Manager<\/a>\n\t\t\t\t\t<\/div>\n\t\t\t\t\t<div id=\"elementor-tab-content-5661\" class=\"elementor-tab-content elementor-clearfix\" data-tab=\"1\" role=\"region\" aria-labelledby=\"elementor-tab-title-5661\"><p><b>Vi letar efter dig som har:<\/b><\/p><p>&#8211; Erfarenhet av f\u00f6rs\u00e4ljning, inom B2B.<\/p><p>&#8211; En stark f\u00f6rm\u00e5ga att bygga och uppr\u00e4tth\u00e5lla kundrelationer.<\/p><p>&#8211; God kommunikationsf\u00f6rm\u00e5ga och \u00e4r \u00f6vertygande i din presentation.<\/p><p>&#8211; En positiv och sj\u00e4lvg\u00e5ende inst\u00e4llning.<\/p><p>&#8211; F\u00f6rm\u00e5ga att arbeta sj\u00e4lvst\u00e4ndigt och ta initiativ.<\/p><p>&#8211; Grundl\u00e4ggande teknisk f\u00f6rst\u00e5else.<\/p><p><br><\/p><p>Vill du vara med att skapa en tryggare arbetsmilj\u00f6 och med en tj\u00e4nst som kanske till och med kan r\u00e4dda liv?<\/p><\/div>\n\t\t\t\t<\/div>\n\t\t\t\t\t\t\t\t<\/div>\n\t\t\t\t\t\t<\/div>\n\t\t\t\t<\/div>\n\t\t\t\t\t<\/div>\n\t\t<\/div>\n\t\t\t\t\t<\/div>\n\t\t<\/section>\n\t\t\t\t<\/div>\n\t\t","protected":false},"excerpt":{"rendered":"<p>Karri\u00e4r Crystal Alarm \/ Karri\u00e4r Vi s\u00f6ker just nu efter System Developer Arbetsuppgifter Du kommer arbeta med systemutveckling av v\u00e5r molntj\u00e4nst, v\u00e5ra appar p\u00e5 iPhone och Android, integrationer med larmcentraler och andra samarbetspartners. Vidare kommer du arbeta med firmware f\u00f6r en hel del olika h\u00e5rdvaror samt st\u00f6dja v\u00e5ra s\u00e4ljare med kommunikation med potentiella och nuvarande [&hellip;]<\/p>\n","protected":false},"author":361,"featured_media":0,"parent":0,"menu_order":0,"comment_status":"closed","ping_status":"closed","template":"elementor_header_footer","meta":{"footnotes":""},"_links":{"self":[{"href":"https:\/\/www.test.crystalalarm.com\/dev\/v1\/wp-json\/wp\/v2\/pages\/12301"}],"collection":[{"href":"https:\/\/www.test.crystalalarm.com\/dev\/v1\/wp-json\/wp\/v2\/pages"}],"about":[{"href":"https:\/\/www.test.crystalalarm.com\/dev\/v1\/wp-json\/wp\/v2\/types\/page"}],"author":[{"embeddable":true,"href":"https:\/\/www.test.crystalalarm.com\/dev\/v1\/wp-json\/wp\/v2\/users\/361"}],"replies":[{"embeddable":true,"href":"https:\/\/www.test.crystalalarm.com\/dev\/v1\/wp-json\/wp\/v2\/comments?post=12301"}],"version-history":[{"count":13,"href":"https:\/\/www.test.crystalalarm.com\/dev\/v1\/wp-json\/wp\/v2\/pages\/12301\/revisions"}],"predecessor-version":[{"id":19462,"href":"https:\/\/www.test.crystalalarm.com\/dev\/v1\/wp-json\/wp\/v2\/pages\/12301\/revisions\/19462"}],"wp:attachment":[{"href":"https:\/\/www.test.crystalalarm.com\/dev\/v1\/wp-json\/wp\/v2\/media?parent=12301"}],"curies":[{"name":"wp","href":"https:\/\/api.w.org\/{rel}","templated":true}]}}